{"id":61,"date":"2020-01-23T18:21:52","date_gmt":"2020-01-23T18:21:52","guid":{"rendered":"https:\/\/demosites.io\/web-agency-gb\/?page_id=61"},"modified":"2022-10-27T16:13:30","modified_gmt":"2022-10-27T13:13:30","slug":"15c42-web-agency-gb-about-us","status":"publish","type":"page","link":"https:\/\/livametal.com\/?page_id=61","title":{"rendered":"HAKKIMIZDA"},"content":{"rendered":"\n<div class=\"wp-block-cover alignfull\" style=\"min-height:600px;aspect-ratio:unset;\"><span aria-hidden=\"true\" class=\"wp-block-cover__background has-nv-light-bg-background-color has-background-dim-100 has-background-dim\"><\/span><div class=\"wp-block-cover__inner-container is-layout-flow wp-block-cover-is-layout-flow\">\n<div class=\"wp-block-group\"><div class=\"wp-block-group__inner-container is-layout-flow wp-block-group-is-layout-flow\">\n<div style=\"height:80px\" aria-hidden=\"true\" class=\"wp-block-spacer\"><\/div>\n\n\n\n<div class=\"wp-block-columns are-vertically-aligned-center is-layout-flex wp-container-core-columns-is-layout-9d6595d7 wp-block-columns-is-layout-flex\">\n<div class=\"wp-block-column is-vertically-aligned-center is-layout-flow wp-block-column-is-layout-flow\" style=\"flex-basis:50%\">\n<figure class=\"wp-block-image size-large\"><img loading=\"lazy\" decoding=\"async\" width=\"1024\" height=\"768\" src=\"https:\/\/livametal.com\/wp-content\/uploads\/2022\/06\/WhatsApp-Image-2022-06-14-at-10.56.48-4-1-1024x768.jpeg\" alt=\"\" class=\"wp-image-495\" srcset=\"https:\/\/livametal.com\/wp-content\/uploads\/2022\/06\/WhatsApp-Image-2022-06-14-at-10.56.48-4-1-1024x768.jpeg 1024w, https:\/\/livametal.com\/wp-content\/uploads\/2022\/06\/WhatsApp-Image-2022-06-14-at-10.56.48-4-1-300x225.jpeg 300w, https:\/\/livametal.com\/wp-content\/uploads\/2022\/06\/WhatsApp-Image-2022-06-14-at-10.56.48-4-1-768x576.jpeg 768w, https:\/\/livametal.com\/wp-content\/uploads\/2022\/06\/WhatsApp-Image-2022-06-14-at-10.56.48-4-1-1536x1152.jpeg 1536w, https:\/\/livametal.com\/wp-content\/uploads\/2022\/06\/WhatsApp-Image-2022-06-14-at-10.56.48-4-1.jpeg 2048w\" sizes=\"auto, (max-width: 1024px) 100vw, 1024px\" \/><\/figure>\n<\/div>\n\n\n\n<div class=\"wp-block-column is-vertically-aligned-center is-layout-flow wp-block-column-is-layout-flow\" style=\"flex-basis:50%\">\n<h2 class=\"has-neve-text-color-color has-text-color wp-block-heading\">L\u0130VA METAL<\/h2>\n\n\n\n<p class=\"has-neve-text-color-color has-text-color\">Tesisimizde 0.25 mm ile 0.50 mm kal\u0131nl\u0131k aral\u0131\u011f\u0131nda galvanizli ve boyal\u0131 rulolar kullan\u0131larak istenilen \u00f6l\u00e7\u00fclerde stor sac \u00fcretilmektedir. Stor saclar d\u00fckkan ve ma\u011faza binalar\u0131nda, kepenk ve panjur yap\u0131m\u0131nda, dekoratif \u00e7at\u0131 ve cephe kaplamalar\u0131nda kullan\u0131l\u0131r.<\/p>\n\n\n\n<p class=\"has-neve-text-color-color has-text-color\"><\/p>\n<\/div>\n<\/div>\n\n\n\n<div style=\"height:40px\" aria-hidden=\"true\" class=\"wp-block-spacer\"><\/div>\n<\/div><\/div>\n<\/div><\/div>\n\n\n\n<div class=\"wp-block-cover alignfull\" style=\"min-height:600px;aspect-ratio:unset;\"><span aria-hidden=\"true\" class=\"wp-block-cover__background has-nv-dark-bg-background-color has-background-dim-100 has-background-dim\"><\/span><div class=\"wp-block-cover__inner-container is-layout-flow wp-block-cover-is-layout-flow\">\n<div class=\"wp-block-group\"><div class=\"wp-block-group__inner-container is-layout-flow wp-block-group-is-layout-flow\">\n<div style=\"height:80px\" aria-hidden=\"true\" class=\"wp-block-spacer\"><\/div>\n\n\n\n<div class=\"wp-block-columns are-vertically-aligned-center is-layout-flex wp-container-core-columns-is-layout-9d6595d7 wp-block-columns-is-layout-flex\">\n<div class=\"wp-block-column is-vertically-aligned-center is-layout-flow wp-block-column-is-layout-flow\" style=\"flex-basis:50%\">\n<h2 class=\"has-nv-text-dark-bg-color has-text-color wp-block-heading\"><strong>MAHYA<\/strong><\/h2>\n\n\n\n<p class=\"has-nv-text-dark-bg-color has-text-color\">\u00c7elik Servis Merkezimizde 0.35 mm ile 0.80 mm kal\u0131nl\u0131k aral\u0131\u011f\u0131nda istenilen ebatlarda mahya \u00fcretimi yap\u0131lmaktad\u0131r.<\/p>\n\n\n\n<div style=\"height:20px\" aria-hidden=\"true\" class=\"wp-block-spacer\"><\/div>\n\n\n\n<div class=\"wp-block-buttons is-layout-flex wp-block-buttons-is-layout-flex\"><\/div>\n\n\n\n<div style=\"height:20px\" aria-hidden=\"true\" class=\"wp-block-spacer\"><\/div>\n<\/div>\n\n\n\n<div class=\"wp-block-column is-vertically-aligned-center is-layout-flow wp-block-column-is-layout-flow\" style=\"flex-basis:50%\">\n<figure class=\"wp-block-image size-large\"><img loading=\"lazy\" decoding=\"async\" width=\"1024\" height=\"768\" src=\"https:\/\/livametal.com\/wp-content\/uploads\/2022\/06\/WhatsApp-Image-2022-06-14-at-10.56.47-1-1-1024x768.jpeg\" alt=\"\" class=\"wp-image-496\" srcset=\"https:\/\/livametal.com\/wp-content\/uploads\/2022\/06\/WhatsApp-Image-2022-06-14-at-10.56.47-1-1-1024x768.jpeg 1024w, https:\/\/livametal.com\/wp-content\/uploads\/2022\/06\/WhatsApp-Image-2022-06-14-at-10.56.47-1-1-300x225.jpeg 300w, https:\/\/livametal.com\/wp-content\/uploads\/2022\/06\/WhatsApp-Image-2022-06-14-at-10.56.47-1-1-768x576.jpeg 768w, https:\/\/livametal.com\/wp-content\/uploads\/2022\/06\/WhatsApp-Image-2022-06-14-at-10.56.47-1-1-1536x1152.jpeg 1536w, https:\/\/livametal.com\/wp-content\/uploads\/2022\/06\/WhatsApp-Image-2022-06-14-at-10.56.47-1-1.jpeg 2048w\" sizes=\"auto, (max-width: 1024px) 100vw, 1024px\" \/><\/figure>\n<\/div>\n<\/div>\n\n\n\n<div style=\"height:40px\" aria-hidden=\"true\" class=\"wp-block-spacer\"><\/div>\n<\/div><\/div>\n<\/div><\/div>\n\n\n\n<div class=\"wp-block-cover alignfull\" style=\"min-height:420px;aspect-ratio:unset;\"><span aria-hidden=\"true\" class=\"wp-block-cover__background has-nv-site-bg-background-color has-background-dim-100 has-background-dim\"><\/span><div class=\"wp-block-cover__inner-container is-layout-flow wp-block-cover-is-layout-flow\">\n<div style=\"height:80px\" aria-hidden=\"true\" class=\"wp-block-spacer\"><\/div>\n\n\n\n<div class=\"wp-block-columns is-layout-flex wp-container-core-columns-is-layout-9d6595d7 wp-block-columns-is-layout-flex\">\n<div class=\"wp-block-column ticss-4ce656f1 is-layout-flow wp-block-column-is-layout-flow\"><div class=\"wp-block-image icon-style is-style-rounded\">\n<figure class=\"aligncenter size-large\"><img loading=\"lazy\" decoding=\"async\" width=\"72\" height=\"72\" src=\"https:\/\/livametal.com\/wp-content\/uploads\/2020\/01\/neve-webdesign-GB-03.png\" alt=\"\" class=\"wp-image-20\"\/><\/figure>\n<\/div>\n\n\n<h3 class=\"has-text-align-left has-text-align-center has-neve-text-color-color has-text-color wp-block-heading\">            20.000 M2 ARAZ\u0130<\/h3>\n\n\n\n<p class=\"has-text-align-left has-neve-text-color-color has-text-color\" style=\"font-size:15px\"><\/p>\n\n\n\n<div style=\"height:20px\" aria-hidden=\"true\" class=\"wp-block-spacer\"><\/div>\n<\/div>\n\n\n\n<div class=\"wp-block-column ticss-f6fc7494 is-layout-flow wp-block-column-is-layout-flow\"><div class=\"wp-block-image icon-style is-style-rounded\">\n<figure class=\"aligncenter size-large\"><img loading=\"lazy\" decoding=\"async\" width=\"72\" height=\"72\" src=\"https:\/\/livametal.com\/wp-content\/uploads\/2020\/01\/neve-webdesign-GB-03.png\" alt=\"\" class=\"wp-image-20\"\/><\/figure>\n<\/div>\n\n\n<h3 class=\"has-text-align-left has-text-align-center has-neve-text-color-color has-text-color wp-block-heading\">     10.000 M2 KAPALI ALAN <\/h3>\n\n\n\n<p class=\"has-text-align-left has-neve-text-color-color has-text-color\" style=\"font-size:15px\"><\/p>\n\n\n\n<div style=\"height:20px\" aria-hidden=\"true\" class=\"wp-block-spacer\"><\/div>\n<\/div>\n\n\n\n<div class=\"wp-block-column ticss-a5b4df29 is-layout-flow wp-block-column-is-layout-flow\"><div class=\"wp-block-image icon-style is-style-rounded\">\n<figure class=\"aligncenter size-large\"><img loading=\"lazy\" decoding=\"async\" width=\"72\" height=\"72\" src=\"https:\/\/livametal.com\/wp-content\/uploads\/2020\/01\/neve-webdesign-GB-03.png\" alt=\"\" class=\"wp-image-20\"\/><\/figure>\n<\/div>\n\n\n<h3 class=\"has-text-align-left has-text-align-center has-neve-text-color-color has-text-color wp-block-heading\"> 15 ADET MAK\u0130NE PARKURU<\/h3>\n\n\n\n<p class=\"has-text-align-left has-neve-text-color-color has-text-color\" style=\"font-size:15px\"><\/p>\n\n\n\n<div style=\"height:20px\" aria-hidden=\"true\" class=\"wp-block-spacer\"><\/div>\n<\/div>\n<\/div>\n\n\n\n<div style=\"height:30px\" aria-hidden=\"true\" class=\"wp-block-spacer\"><\/div>\n<\/div><\/div>\n","protected":false},"excerpt":{"rendered":"","protected":false},"author":1,"featured_media":0,"parent":0,"menu_order":0,"comment_status":"closed","ping_status":"closed","template":"","meta":{"neve_meta_sidebar":"","neve_meta_container":"","neve_meta_enable_content_width":"","neve_meta_content_width":0,"neve_meta_title_alignment":"","neve_meta_author_avatar":"","neve_post_elements_order":"","neve_meta_disable_header":"","neve_meta_disable_footer":"","neve_meta_disable_title":"on","footnotes":""},"class_list":["post-61","page","type-page","status-publish","hentry"],"yoast_head":"<!-- This site is optimized with the Yoast SEO plugin v27.4 - https:\/\/yoast.com\/product\/yoast-seo-wordpress\/ -->\n<title>HAKKIMIZDA - METAL<\/title>\n<meta name=\"description\" content=\"KAL\u0130TEL\u0130 \u00dcR\u00dcN UYGUN F\u0130YAT G\u00dcLER Y\u00dcZL\u00dc VE PROFESYONEL H\u0130ZMET\" \/>\n<meta name=\"robots\" content=\"index, follow, max-snippet:-1, max-image-preview:large, max-video-preview:-1\" \/>\n<link rel=\"canonical\" href=\"https:\/\/livametal.com\/?page_id=61\" \/>\n<meta property=\"og:locale\" content=\"tr_TR\" \/>\n<meta property=\"og:type\" content=\"article\" \/>\n<meta property=\"og:title\" content=\"HAKKIMIZDA - METAL\" \/>\n<meta property=\"og:description\" content=\"KAL\u0130TEL\u0130 \u00dcR\u00dcN UYGUN F\u0130YAT G\u00dcLER Y\u00dcZL\u00dc VE PROFESYONEL H\u0130ZMET\" \/>\n<meta property=\"og:url\" content=\"https:\/\/livametal.com\/?page_id=61\" \/>\n<meta property=\"og:site_name\" content=\"METAL\" \/>\n<meta property=\"article:modified_time\" content=\"2022-10-27T13:13:30+00:00\" \/>\n<meta property=\"og:image\" content=\"https:\/\/livametal.com\/wp-content\/uploads\/2022\/06\/WhatsApp-Image-2022-06-14-at-10.56.48-4-1-1024x768.jpeg\" \/>\n<meta name=\"twitter:card\" content=\"summary_large_image\" \/>\n<meta name=\"twitter:label1\" content=\"Tahmini okuma s\u00fcresi\" \/>\n\t<meta name=\"twitter:data1\" content=\"2 dakika\" \/>\n<script type=\"application\/ld+json\" class=\"yoast-schema-graph\">{\"@context\":\"https:\\\/\\\/schema.org\",\"@graph\":[{\"@type\":\"WebPage\",\"@id\":\"https:\\\/\\\/livametal.com\\\/?page_id=61\",\"url\":\"https:\\\/\\\/livametal.com\\\/?page_id=61\",\"name\":\"HAKKIMIZDA - METAL\",\"isPartOf\":{\"@id\":\"https:\\\/\\\/livametal.com\\\/#website\"},\"primaryImageOfPage\":{\"@id\":\"https:\\\/\\\/livametal.com\\\/?page_id=61#primaryimage\"},\"image\":{\"@id\":\"https:\\\/\\\/livametal.com\\\/?page_id=61#primaryimage\"},\"thumbnailUrl\":\"https:\\\/\\\/livametal.com\\\/wp-content\\\/uploads\\\/2022\\\/06\\\/WhatsApp-Image-2022-06-14-at-10.56.48-4-1-1024x768.jpeg\",\"datePublished\":\"2020-01-23T18:21:52+00:00\",\"dateModified\":\"2022-10-27T13:13:30+00:00\",\"description\":\"KAL\u0130TEL\u0130 \u00dcR\u00dcN UYGUN F\u0130YAT G\u00dcLER Y\u00dcZL\u00dc VE PROFESYONEL H\u0130ZMET\",\"breadcrumb\":{\"@id\":\"https:\\\/\\\/livametal.com\\\/?page_id=61#breadcrumb\"},\"inLanguage\":\"tr\",\"potentialAction\":[{\"@type\":\"ReadAction\",\"target\":[\"https:\\\/\\\/livametal.com\\\/?page_id=61\"]}]},{\"@type\":\"ImageObject\",\"inLanguage\":\"tr\",\"@id\":\"https:\\\/\\\/livametal.com\\\/?page_id=61#primaryimage\",\"url\":\"https:\\\/\\\/livametal.com\\\/wp-content\\\/uploads\\\/2022\\\/06\\\/WhatsApp-Image-2022-06-14-at-10.56.48-4-1.jpeg\",\"contentUrl\":\"https:\\\/\\\/livametal.com\\\/wp-content\\\/uploads\\\/2022\\\/06\\\/WhatsApp-Image-2022-06-14-at-10.56.48-4-1.jpeg\",\"width\":2048,\"height\":1536},{\"@type\":\"BreadcrumbList\",\"@id\":\"https:\\\/\\\/livametal.com\\\/?page_id=61#breadcrumb\",\"itemListElement\":[{\"@type\":\"ListItem\",\"position\":1,\"name\":\"Anasayfa\",\"item\":\"https:\\\/\\\/livametal.com\\\/\"},{\"@type\":\"ListItem\",\"position\":2,\"name\":\"HAKKIMIZDA\"}]},{\"@type\":\"WebSite\",\"@id\":\"https:\\\/\\\/livametal.com\\\/#website\",\"url\":\"https:\\\/\\\/livametal.com\\\/\",\"name\":\"METAL\",\"description\":\"\",\"publisher\":{\"@id\":\"https:\\\/\\\/livametal.com\\\/#organization\"},\"potentialAction\":[{\"@type\":\"SearchAction\",\"target\":{\"@type\":\"EntryPoint\",\"urlTemplate\":\"https:\\\/\\\/livametal.com\\\/?s={search_term_string}\"},\"query-input\":{\"@type\":\"PropertyValueSpecification\",\"valueRequired\":true,\"valueName\":\"search_term_string\"}}],\"inLanguage\":\"tr\"},{\"@type\":\"Organization\",\"@id\":\"https:\\\/\\\/livametal.com\\\/#organization\",\"name\":\"L\u0130VA METAL\",\"url\":\"https:\\\/\\\/livametal.com\\\/\",\"logo\":{\"@type\":\"ImageObject\",\"inLanguage\":\"tr\",\"@id\":\"https:\\\/\\\/livametal.com\\\/#\\\/schema\\\/logo\\\/image\\\/\",\"url\":\"https:\\\/\\\/livametal.com\\\/wp-content\\\/uploads\\\/2022\\\/05\\\/LIVA-LOGO.jpg\",\"contentUrl\":\"https:\\\/\\\/livametal.com\\\/wp-content\\\/uploads\\\/2022\\\/05\\\/LIVA-LOGO.jpg\",\"width\":945,\"height\":453,\"caption\":\"L\u0130VA METAL\"},\"image\":{\"@id\":\"https:\\\/\\\/livametal.com\\\/#\\\/schema\\\/logo\\\/image\\\/\"}}]}<\/script>\n<!-- \/ Yoast SEO plugin. -->","yoast_head_json":{"title":"HAKKIMIZDA - METAL","description":"KAL\u0130TEL\u0130 \u00dcR\u00dcN UYGUN F\u0130YAT G\u00dcLER Y\u00dcZL\u00dc VE PROFESYONEL H\u0130ZMET","robots":{"index":"index","follow":"follow","max-snippet":"max-snippet:-1","max-image-preview":"max-image-preview:large","max-video-preview":"max-video-preview:-1"},"canonical":"https:\/\/livametal.com\/?page_id=61","og_locale":"tr_TR","og_type":"article","og_title":"HAKKIMIZDA - METAL","og_description":"KAL\u0130TEL\u0130 \u00dcR\u00dcN UYGUN F\u0130YAT G\u00dcLER Y\u00dcZL\u00dc VE PROFESYONEL H\u0130ZMET","og_url":"https:\/\/livametal.com\/?page_id=61","og_site_name":"METAL","article_modified_time":"2022-10-27T13:13:30+00:00","og_image":[{"url":"https:\/\/livametal.com\/wp-content\/uploads\/2022\/06\/WhatsApp-Image-2022-06-14-at-10.56.48-4-1-1024x768.jpeg","type":"","width":"","height":""}],"twitter_card":"summary_large_image","twitter_misc":{"Tahmini okuma s\u00fcresi":"2 dakika"},"schema":{"@context":"https:\/\/schema.org","@graph":[{"@type":"WebPage","@id":"https:\/\/livametal.com\/?page_id=61","url":"https:\/\/livametal.com\/?page_id=61","name":"HAKKIMIZDA - METAL","isPartOf":{"@id":"https:\/\/livametal.com\/#website"},"primaryImageOfPage":{"@id":"https:\/\/livametal.com\/?page_id=61#primaryimage"},"image":{"@id":"https:\/\/livametal.com\/?page_id=61#primaryimage"},"thumbnailUrl":"https:\/\/livametal.com\/wp-content\/uploads\/2022\/06\/WhatsApp-Image-2022-06-14-at-10.56.48-4-1-1024x768.jpeg","datePublished":"2020-01-23T18:21:52+00:00","dateModified":"2022-10-27T13:13:30+00:00","description":"KAL\u0130TEL\u0130 \u00dcR\u00dcN UYGUN F\u0130YAT G\u00dcLER Y\u00dcZL\u00dc VE PROFESYONEL H\u0130ZMET","breadcrumb":{"@id":"https:\/\/livametal.com\/?page_id=61#breadcrumb"},"inLanguage":"tr","potentialAction":[{"@type":"ReadAction","target":["https:\/\/livametal.com\/?page_id=61"]}]},{"@type":"ImageObject","inLanguage":"tr","@id":"https:\/\/livametal.com\/?page_id=61#primaryimage","url":"https:\/\/livametal.com\/wp-content\/uploads\/2022\/06\/WhatsApp-Image-2022-06-14-at-10.56.48-4-1.jpeg","contentUrl":"https:\/\/livametal.com\/wp-content\/uploads\/2022\/06\/WhatsApp-Image-2022-06-14-at-10.56.48-4-1.jpeg","width":2048,"height":1536},{"@type":"BreadcrumbList","@id":"https:\/\/livametal.com\/?page_id=61#breadcrumb","itemListElement":[{"@type":"ListItem","position":1,"name":"Anasayfa","item":"https:\/\/livametal.com\/"},{"@type":"ListItem","position":2,"name":"HAKKIMIZDA"}]},{"@type":"WebSite","@id":"https:\/\/livametal.com\/#website","url":"https:\/\/livametal.com\/","name":"METAL","description":"","publisher":{"@id":"https:\/\/livametal.com\/#organization"},"potentialAction":[{"@type":"SearchAction","target":{"@type":"EntryPoint","urlTemplate":"https:\/\/livametal.com\/?s={search_term_string}"},"query-input":{"@type":"PropertyValueSpecification","valueRequired":true,"valueName":"search_term_string"}}],"inLanguage":"tr"},{"@type":"Organization","@id":"https:\/\/livametal.com\/#organization","name":"L\u0130VA METAL","url":"https:\/\/livametal.com\/","logo":{"@type":"ImageObject","inLanguage":"tr","@id":"https:\/\/livametal.com\/#\/schema\/logo\/image\/","url":"https:\/\/livametal.com\/wp-content\/uploads\/2022\/05\/LIVA-LOGO.jpg","contentUrl":"https:\/\/livametal.com\/wp-content\/uploads\/2022\/05\/LIVA-LOGO.jpg","width":945,"height":453,"caption":"L\u0130VA METAL"},"image":{"@id":"https:\/\/livametal.com\/#\/schema\/logo\/image\/"}}]}},"_links":{"self":[{"href":"https:\/\/livametal.com\/index.php?rest_route=\/wp\/v2\/pages\/61","targetHints":{"allow":["GET"]}}],"collection":[{"href":"https:\/\/livametal.com\/index.php?rest_route=\/wp\/v2\/pages"}],"about":[{"href":"https:\/\/livametal.com\/index.php?rest_route=\/wp\/v2\/types\/page"}],"author":[{"embeddable":true,"href":"https:\/\/livametal.com\/index.php?rest_route=\/wp\/v2\/users\/1"}],"replies":[{"embeddable":true,"href":"https:\/\/livametal.com\/index.php?rest_route=%2Fwp%2Fv2%2Fcomments&post=61"}],"version-history":[{"count":7,"href":"https:\/\/livametal.com\/index.php?rest_route=\/wp\/v2\/pages\/61\/revisions"}],"predecessor-version":[{"id":518,"href":"https:\/\/livametal.com\/index.php?rest_route=\/wp\/v2\/pages\/61\/revisions\/518"}],"wp:attachment":[{"href":"https:\/\/livametal.com\/index.php?rest_route=%2Fwp%2Fv2%2Fmedia&parent=61"}],"curies":[{"name":"wp","href":"https:\/\/api.w.org\/{rel}","templated":true}]}}