{"id":5,"date":"2020-01-13T11:17:52","date_gmt":"2020-01-13T11:17:52","guid":{"rendered":"https:\/\/demosites.io\/web-agency-gb\/?page_id=5"},"modified":"2024-12-04T09:00:18","modified_gmt":"2024-12-04T06:00:18","slug":"15c42-web-agency-gb-home","status":"publish","type":"page","link":"https:\/\/livametal.com\/","title":{"rendered":"ANASAYFA"},"content":{"rendered":"\n<div class=\"wp-block-cover alignfull\" style=\"min-height:700px;aspect-ratio:unset;\"><span aria-hidden=\"true\" class=\"wp-block-cover__background has-background-dim-0 has-background-dim\"><\/span><img loading=\"lazy\" decoding=\"async\" width=\"2048\" height=\"1536\" class=\"wp-block-cover__image-background wp-image-487\" alt=\"\" src=\"https:\/\/livametal.com\/wp-content\/uploads\/2022\/06\/WhatsApp-Image-2022-06-14-at-10.56.48-4.jpeg\" style=\"object-position:49% 73%\" data-object-fit=\"cover\" data-object-position=\"49% 73%\" srcset=\"https:\/\/livametal.com\/wp-content\/uploads\/2022\/06\/WhatsApp-Image-2022-06-14-at-10.56.48-4.jpeg 2048w, https:\/\/livametal.com\/wp-content\/uploads\/2022\/06\/WhatsApp-Image-2022-06-14-at-10.56.48-4-300x225.jpeg 300w, https:\/\/livametal.com\/wp-content\/uploads\/2022\/06\/WhatsApp-Image-2022-06-14-at-10.56.48-4-1024x768.jpeg 1024w, https:\/\/livametal.com\/wp-content\/uploads\/2022\/06\/WhatsApp-Image-2022-06-14-at-10.56.48-4-768x576.jpeg 768w, https:\/\/livametal.com\/wp-content\/uploads\/2022\/06\/WhatsApp-Image-2022-06-14-at-10.56.48-4-1536x1152.jpeg 1536w\" sizes=\"auto, (max-width: 2048px) 100vw, 2048px\" \/><div class=\"wp-block-cover__inner-container is-layout-flow wp-block-cover-is-layout-flow\">\n<div style=\"height:80px\" aria-hidden=\"true\" class=\"wp-block-spacer\"><\/div>\n\n\n\n<div class=\"wp-block-buttons is-horizontal is-content-justification-center is-layout-flex wp-container-core-buttons-is-layout-499968f5 wp-block-buttons-is-layout-flex\">\n<div class=\"wp-block-button has-custom-font-size is-style-default\" style=\"font-size:75px\"><a class=\"wp-block-button__link has-nv-text-dark-bg-color has-text-color has-background wp-element-button\" style=\"border-radius:100px;background:linear-gradient(142deg,rgb(252,185,0) 0%,rgb(255,105,0) 100%)\">2022 \u0130N\u015eAAT FUARI<\/a><\/div>\n<\/div>\n\n\n\n<div style=\"height:80px\" aria-hidden=\"true\" class=\"wp-block-spacer\"><\/div>\n\n\n\n<div style=\"height:80px\" aria-hidden=\"true\" class=\"wp-block-spacer\"><\/div>\n<\/div><\/div>\n\n\n\n<div style=\"height:80px\" aria-hidden=\"true\" class=\"wp-block-spacer\"><\/div>\n\n\n\n<div class=\"wp-block-columns is-layout-flex wp-container-core-columns-is-layout-9d6595d7 wp-block-columns-is-layout-flex\">\n<div class=\"wp-block-column is-layout-flow wp-block-column-is-layout-flow\"><div class=\"wp-block-image icon-style is-style-rounded\">\n<figure class=\"aligncenter size-large\"><img loading=\"lazy\" decoding=\"async\" width=\"72\" height=\"72\" src=\"https:\/\/livametal.com\/wp-content\/uploads\/2020\/01\/neve-webdesign-GB-03.png\" alt=\"\" class=\"wp-image-20\" title=\"\"\/><\/figure>\n<\/div>\n\n\n<h3 class=\"wp-block-heading has-text-align-center has-neve-text-color-color has-text-color\">30 Y\u0131ll\u0131k Tecr\u00fcbe<\/h3>\n\n\n\n<p class=\"has-text-align-center\">D\u00fcnya standartlar\u0131ndaki en modern teknolojilerle \u00fcretti\u011fimiz galvanizli ve boyal\u0131 \u00e7elik yap\u0131 profillerini kalite anlay\u0131\u015f\u0131m\u0131z ve fark yaratan g\u00fcc\u00fcm\u00fczle \u00e7elik sekt\u00f6r\u00fcn\u00fcn liderlerinden biri olmaya devam ediyoruz.<\/p>\n\n\n\n<div style=\"height:20px\" aria-hidden=\"true\" class=\"wp-block-spacer\"><\/div>\n<\/div>\n\n\n\n<div class=\"wp-block-column is-layout-flow wp-block-column-is-layout-flow\"><div class=\"wp-block-image icon-style is-style-rounded\">\n<figure class=\"aligncenter size-large\"><img loading=\"lazy\" decoding=\"async\" width=\"72\" height=\"72\" src=\"https:\/\/livametal.com\/wp-content\/uploads\/2020\/01\/neve-webdesign-GB-04.png\" alt=\"\" class=\"wp-image-21\"\/><\/figure>\n<\/div>\n\n\n<h3 class=\"wp-block-heading has-text-align-center has-neve-text-color-color has-text-color\">Kaliteli Hizmet<\/h3>\n\n\n\n<p class=\"has-text-align-center\">M\u00fc\u015fterilerimize daima kaliteli hizmet sunmay\u0131 ilke edinen firmam\u0131z, sat\u0131\u015f sonras\u0131 da ayn\u0131 \u00f6zeni g\u00f6stermektedir.<\/p>\n\n\n\n<div style=\"height:20px\" aria-hidden=\"true\" class=\"wp-block-spacer\"><\/div>\n<\/div>\n\n\n\n<div class=\"wp-block-column is-layout-flow wp-block-column-is-layout-flow\"><div class=\"wp-block-image icon-style is-style-rounded\">\n<figure class=\"aligncenter size-large\"><img loading=\"lazy\" decoding=\"async\" width=\"72\" height=\"72\" src=\"https:\/\/livametal.com\/wp-content\/uploads\/2020\/01\/neve-webdesign-GB-01.png\" alt=\"\" class=\"wp-image-18\"\/><\/figure>\n<\/div>\n\n\n<h3 class=\"wp-block-heading has-text-align-center has-neve-text-color-color has-text-color\">Uygun Fiyatlar<\/h3>\n\n\n\n<p class=\"has-text-align-center\">Y\u0131llard\u0131r sekt\u00f6rde \u00f6nc\u00fc olan firmam\u0131z, geni\u015f \u00fcretim band\u0131 sayesinde sizlere en kaliteli hizmeti en uygun fiyatlara sunmaktad\u0131r.<\/p>\n\n\n\n<div style=\"height:20px\" aria-hidden=\"true\" class=\"wp-block-spacer\"><\/div>\n<\/div>\n<\/div>\n\n\n\n<div style=\"height:80px\" aria-hidden=\"true\" class=\"wp-block-spacer\"><\/div>\n\n\n\n<div class=\"wp-block-cover alignfull\" style=\"min-height:600px;aspect-ratio:unset;\"><span aria-hidden=\"true\" class=\"wp-block-cover__background has-nv-light-bg-background-color has-background-dim-100 has-background-dim\"><\/span><div class=\"wp-block-cover__inner-container is-layout-flow wp-block-cover-is-layout-flow\">\n<div class=\"wp-block-group\"><div class=\"wp-block-group__inner-container is-layout-flow wp-block-group-is-layout-flow\">\n<div style=\"height:80px\" aria-hidden=\"true\" class=\"wp-block-spacer\"><\/div>\n\n\n\n<div class=\"wp-block-columns are-vertically-aligned-center is-layout-flex wp-container-core-columns-is-layout-9d6595d7 wp-block-columns-is-layout-flex\">\n<div class=\"wp-block-column is-vertically-aligned-center is-layout-flow wp-block-column-is-layout-flow\" style=\"flex-basis:50%\">\n<figure class=\"wp-block-image size-large\"><img loading=\"lazy\" decoding=\"async\" width=\"768\" height=\"1024\" src=\"https:\/\/livametal.com\/wp-content\/uploads\/2022\/06\/WhatsApp-Image-2022-06-14-at-10.56.49-6-768x1024.jpeg\" alt=\"\" class=\"wp-image-488\" srcset=\"https:\/\/livametal.com\/wp-content\/uploads\/2022\/06\/WhatsApp-Image-2022-06-14-at-10.56.49-6-768x1024.jpeg 768w, https:\/\/livametal.com\/wp-content\/uploads\/2022\/06\/WhatsApp-Image-2022-06-14-at-10.56.49-6-225x300.jpeg 225w, https:\/\/livametal.com\/wp-content\/uploads\/2022\/06\/WhatsApp-Image-2022-06-14-at-10.56.49-6-1152x1536.jpeg 1152w, https:\/\/livametal.com\/wp-content\/uploads\/2022\/06\/WhatsApp-Image-2022-06-14-at-10.56.49-6.jpeg 1200w\" sizes=\"auto, (max-width: 768px) 100vw, 768px\" \/><\/figure>\n<\/div>\n\n\n\n<div class=\"wp-block-column is-vertically-aligned-center is-layout-flow wp-block-column-is-layout-flow\" style=\"flex-basis:50%\">\n<div style=\"height:20px\" aria-hidden=\"true\" class=\"wp-block-spacer\"><\/div>\n\n\n\n<h2 class=\"wp-block-heading has-text-align-left has-neve-text-color-color has-text-color\"><strong>TRAPEZ HATTI<\/strong><\/h2>\n\n\n\n<p class=\"has-text-align-left has-neve-text-color-color has-text-color\" style=\"font-size:17px\">Tesisimizde 0.30mm ile 0.80mm kal\u0131nl\u0131k aral\u0131g\u0131nda galvanizli ve boyal\u0131 rulolar kullan\u0131larak istenilen \u00f6l\u00e7\u00fclerde trapez sac \u00fcretilmektedir. Trapez saclar \u00e7at\u0131 ve cephe kaplamlar\u0131nda, prefabrik yap\u0131 imalat\u0131nda, baraka yap\u0131m\u0131nda, silo ve cephe insaatlar\u0131nda, \u00e7elik binalar\u0131n kat aras\u0131 beton kal\u0131b\u0131 olarak da kullan\u0131lmaktad\u0131r.<\/p>\n\n\n\n<div class=\"wp-block-buttons is-horizontal is-content-justification-left is-layout-flex wp-container-core-buttons-is-layout-7e5fce0a wp-block-buttons-is-layout-flex\"><\/div>\n<\/div>\n<\/div>\n\n\n\n<div style=\"height:40px\" aria-hidden=\"true\" class=\"wp-block-spacer\"><\/div>\n<\/div><\/div>\n<\/div><\/div>\n\n\n\n<div class=\"wp-block-cover alignfull\" style=\"min-height:600px;aspect-ratio:unset;\"><span aria-hidden=\"true\" class=\"wp-block-cover__background has-nv-site-bg-background-color has-background-dim-100 has-background-dim\"><\/span><div class=\"wp-block-cover__inner-container is-layout-flow wp-block-cover-is-layout-flow\">\n<div class=\"wp-block-group\"><div class=\"wp-block-group__inner-container is-layout-flow wp-block-group-is-layout-flow\">\n<div style=\"height:80px\" aria-hidden=\"true\" class=\"wp-block-spacer\"><\/div>\n\n\n\n<div class=\"wp-block-columns are-vertically-aligned-center is-layout-flex wp-container-core-columns-is-layout-9d6595d7 wp-block-columns-is-layout-flex\">\n<div class=\"wp-block-column is-vertically-aligned-center is-layout-flow wp-block-column-is-layout-flow\" style=\"flex-basis:50%\">\n<h2 class=\"wp-block-heading has-text-align-left has-neve-text-color-color has-text-color\"><strong>D\u0130LME HATTI<\/strong><\/h2>\n\n\n\n<p class=\"has-text-align-left has-neve-text-color-color has-text-color\" style=\"font-size:17px\">\u00c7elik Servis Merkezimizde 0.25 mm ile 3.00 mm kal\u0131nl\u0131k aral\u0131\u011f\u0131nda ve 1600 mm geni\u015fli\u011finde galvanizli DKP, Siyah ve Boyal\u0131 saclar, sipari\u015f do\u011frultusunda rulo ve dilimlenmi\u015f bant olarak m\u00fc\u015fterilerimizin hizme-tine sunulmaktad\u0131r.<\/p>\n\n\n\n<div class=\"wp-block-buttons is-horizontal is-content-justification-left is-layout-flex wp-container-core-buttons-is-layout-7e5fce0a wp-block-buttons-is-layout-flex\"><\/div>\n\n\n\n<div style=\"height:40px\" aria-hidden=\"true\" class=\"wp-block-spacer\"><\/div>\n<\/div>\n\n\n\n<div class=\"wp-block-column is-vertically-aligned-center is-layout-flow wp-block-column-is-layout-flow\" style=\"flex-basis:50%\">\n<figure class=\"wp-block-image size-large\"><img loading=\"lazy\" decoding=\"async\" width=\"768\" height=\"1024\" src=\"https:\/\/livametal.com\/wp-content\/uploads\/2022\/06\/WhatsApp-Image-2022-06-14-at-10.56.49-5-768x1024.jpeg\" alt=\"\" class=\"wp-image-490\" srcset=\"https:\/\/livametal.com\/wp-content\/uploads\/2022\/06\/WhatsApp-Image-2022-06-14-at-10.56.49-5-768x1024.jpeg 768w, https:\/\/livametal.com\/wp-content\/uploads\/2022\/06\/WhatsApp-Image-2022-06-14-at-10.56.49-5-225x300.jpeg 225w, https:\/\/livametal.com\/wp-content\/uploads\/2022\/06\/WhatsApp-Image-2022-06-14-at-10.56.49-5-1152x1536.jpeg 1152w, https:\/\/livametal.com\/wp-content\/uploads\/2022\/06\/WhatsApp-Image-2022-06-14-at-10.56.49-5.jpeg 1200w\" sizes=\"auto, (max-width: 768px) 100vw, 768px\" \/><\/figure>\n<\/div>\n<\/div>\n\n\n\n<div style=\"height:40px\" aria-hidden=\"true\" class=\"wp-block-spacer\"><\/div>\n<\/div><\/div>\n<\/div><\/div>\n\n\n\n<div class=\"wp-block-cover alignfull\" style=\"min-height:600px;aspect-ratio:unset;\"><span aria-hidden=\"true\" class=\"wp-block-cover__background has-nv-dark-bg-background-color has-background-dim-100 has-background-dim\"><\/span><div class=\"wp-block-cover__inner-container is-layout-flow wp-block-cover-is-layout-flow\">\n<div class=\"wp-block-group\"><div class=\"wp-block-group__inner-container is-layout-flow wp-block-group-is-layout-flow\">\n<div style=\"height:80px\" aria-hidden=\"true\" class=\"wp-block-spacer\"><\/div>\n\n\n\n<div class=\"wp-block-columns are-vertically-aligned-center is-layout-flex wp-container-core-columns-is-layout-9d6595d7 wp-block-columns-is-layout-flex\">\n<div class=\"wp-block-column is-vertically-aligned-center is-layout-flow wp-block-column-is-layout-flow\" style=\"flex-basis:50%\">\n<figure class=\"wp-block-image size-large\"><img loading=\"lazy\" decoding=\"async\" width=\"768\" height=\"1024\" src=\"https:\/\/livametal.com\/wp-content\/uploads\/2022\/06\/WhatsApp-Image-2022-06-14-at-10.56.49-6-1-768x1024.jpeg\" alt=\"\" class=\"wp-image-492\" srcset=\"https:\/\/livametal.com\/wp-content\/uploads\/2022\/06\/WhatsApp-Image-2022-06-14-at-10.56.49-6-1-768x1024.jpeg 768w, https:\/\/livametal.com\/wp-content\/uploads\/2022\/06\/WhatsApp-Image-2022-06-14-at-10.56.49-6-1-225x300.jpeg 225w, https:\/\/livametal.com\/wp-content\/uploads\/2022\/06\/WhatsApp-Image-2022-06-14-at-10.56.49-6-1-1152x1536.jpeg 1152w, https:\/\/livametal.com\/wp-content\/uploads\/2022\/06\/WhatsApp-Image-2022-06-14-at-10.56.49-6-1.jpeg 1200w\" sizes=\"auto, (max-width: 768px) 100vw, 768px\" \/><\/figure>\n<\/div>\n\n\n\n<div class=\"wp-block-column is-vertically-aligned-center is-layout-flow wp-block-column-is-layout-flow\" style=\"flex-basis:50%\">\n<div style=\"height:40px\" aria-hidden=\"true\" class=\"wp-block-spacer\"><\/div>\n\n\n\n<h2 class=\"wp-block-heading has-text-align-left has-nv-text-dark-bg-color has-text-color\"><strong>BOY KESME HATTI<\/strong><\/h2>\n\n\n\n<p class=\"has-text-align-left has-nv-text-dark-bg-color has-text-color\" style=\"font-size:17px\">Rulo Sac sat\u0131\u015f\u0131m\u0131z\u0131n yan\u0131 s\u0131ra tesisimizde 0.25 mm ve 2.50 mm aras\u0131 kal\u0131nl\u0131klarda maximum 1600 mm geni\u015fli\u011finde galvanizli DKP, Siyah ve Boyal\u0131 saclar makinam\u0131zda istenilen \u00f6l\u00e7\u00fcde boy kesilerek m\u00fc\u015fterileri-mize hizmet vermekteyiz<\/p>\n\n\n\n<div class=\"wp-block-buttons is-horizontal is-content-justification-left is-layout-flex wp-container-core-buttons-is-layout-7e5fce0a wp-block-buttons-is-layout-flex\"><\/div>\n<\/div>\n<\/div>\n\n\n\n<div style=\"height:50px\" aria-hidden=\"true\" class=\"wp-block-spacer\"><\/div>\n<\/div><\/div>\n<\/div><\/div>\n","protected":false},"excerpt":{"rendered":"<p>30 Y\u0131ll\u0131k Tecr\u00fcbe D\u00fcnya standartlar\u0131ndaki en modern teknolojilerle \u00fcretti\u011fimiz galvanizli ve boyal\u0131 \u00e7elik yap\u0131 profillerini kalite anlay\u0131\u015f\u0131m\u0131z ve fark yaratan g\u00fcc\u00fcm\u00fczle \u00e7elik sekt\u00f6r\u00fcn\u00fcn liderlerinden biri olmaya devam ediyoruz. Kaliteli Hizmet M\u00fc\u015fterilerimize daima kaliteli hizmet sunmay\u0131 ilke edinen firmam\u0131z, sat\u0131\u015f sonras\u0131 da ayn\u0131 \u00f6zeni g\u00f6stermektedir. Uygun Fiyatlar Y\u0131llard\u0131r sekt\u00f6rde \u00f6nc\u00fc olan firmam\u0131z, geni\u015f \u00fcretim band\u0131 sayesinde&hellip;&nbsp;<a href=\"https:\/\/livametal.com\/\" rel=\"bookmark\">Daha fazlas\u0131n\u0131 oku &raquo;<span class=\"screen-reader-text\">ANASAYFA<\/span><\/a><\/p>\n","protected":false},"author":1,"featured_media":0,"parent":0,"menu_order":0,"comment_status":"closed","ping_status":"closed","template":"","meta":{"neve_meta_sidebar":"","neve_meta_container":"default","neve_meta_enable_content_width":"","neve_meta_content_width":0,"neve_meta_title_alignment":"","neve_meta_author_avatar":"","neve_post_elements_order":"","neve_meta_disable_header":"off","neve_meta_disable_footer":"","neve_meta_disable_title":"on","footnotes":""},"class_list":["post-5","page","type-page","status-publish","hentry"],"yoast_head":"<!-- This site is optimized with the Yoast SEO plugin v27.4 - https:\/\/yoast.com\/product\/yoast-seo-wordpress\/ -->\n<title>ANASAYFA - METAL<\/title>\n<meta name=\"description\" content=\"L\u0130VA METAL OLARAK SAMSUN \u0130L\u0130NDE 20.000 M2 ARAZ\u0130 \u00dcZER\u0130NE KURULU 10.000 M2 KAPALI ALANA SAH\u0130P FABR\u0130KAMIZDA AL\u00c7IPAN PROF\u0130LLER\u0130 \u00dcRETEREK S\u0130Z DE\u011eERL\u0130 M\u00dc\u015eTER\u0130LER\u0130M\u0130ZE H\u0130ZMET VERMEKTEY\u0130Z\" \/>\n<meta name=\"robots\" content=\"index, follow, max-snippet:-1, max-image-preview:large, max-video-preview:-1\" \/>\n<link rel=\"canonical\" href=\"https:\/\/livametal.com\/\" \/>\n<meta property=\"og:locale\" content=\"tr_TR\" \/>\n<meta property=\"og:type\" content=\"article\" \/>\n<meta property=\"og:title\" content=\"ANASAYFA - METAL\" \/>\n<meta property=\"og:description\" content=\"L\u0130VA METAL OLARAK SAMSUN \u0130L\u0130NDE 20.000 M2 ARAZ\u0130 \u00dcZER\u0130NE KURULU 10.000 M2 KAPALI ALANA SAH\u0130P FABR\u0130KAMIZDA AL\u00c7IPAN PROF\u0130LLER\u0130 \u00dcRETEREK S\u0130Z DE\u011eERL\u0130 M\u00dc\u015eTER\u0130LER\u0130M\u0130ZE H\u0130ZMET VERMEKTEY\u0130Z\" \/>\n<meta property=\"og:url\" content=\"https:\/\/livametal.com\/\" \/>\n<meta property=\"og:site_name\" content=\"METAL\" \/>\n<meta property=\"article:modified_time\" content=\"2024-12-04T06:00:18+00:00\" \/>\n<meta property=\"og:image\" content=\"https:\/\/livametal.com\/wp-content\/uploads\/2022\/06\/WhatsApp-Image-2022-06-14-at-10.56.48-4.jpeg\" \/>\n\t<meta property=\"og:image:width\" content=\"2048\" \/>\n\t<meta property=\"og:image:height\" content=\"1536\" \/>\n\t<meta property=\"og:image:type\" content=\"image\/jpeg\" \/>\n<meta name=\"twitter:card\" content=\"summary_large_image\" \/>\n<meta name=\"twitter:label1\" content=\"Tahmini okuma s\u00fcresi\" \/>\n\t<meta name=\"twitter:data1\" content=\"3 dakika\" \/>\n<script type=\"application\/ld+json\" class=\"yoast-schema-graph\">{\"@context\":\"https:\\\/\\\/schema.org\",\"@graph\":[{\"@type\":\"WebPage\",\"@id\":\"https:\\\/\\\/livametal.com\\\/\",\"url\":\"https:\\\/\\\/livametal.com\\\/\",\"name\":\"ANASAYFA - METAL\",\"isPartOf\":{\"@id\":\"https:\\\/\\\/livametal.com\\\/#website\"},\"primaryImageOfPage\":{\"@id\":\"https:\\\/\\\/livametal.com\\\/#primaryimage\"},\"image\":{\"@id\":\"https:\\\/\\\/livametal.com\\\/#primaryimage\"},\"thumbnailUrl\":\"https:\\\/\\\/livametal.com\\\/wp-content\\\/uploads\\\/2022\\\/06\\\/WhatsApp-Image-2022-06-14-at-10.56.48-4.jpeg\",\"datePublished\":\"2020-01-13T11:17:52+00:00\",\"dateModified\":\"2024-12-04T06:00:18+00:00\",\"description\":\"L\u0130VA METAL OLARAK SAMSUN \u0130L\u0130NDE 20.000 M2 ARAZ\u0130 \u00dcZER\u0130NE KURULU 10.000 M2 KAPALI ALANA SAH\u0130P FABR\u0130KAMIZDA AL\u00c7IPAN PROF\u0130LLER\u0130 \u00dcRETEREK S\u0130Z DE\u011eERL\u0130 M\u00dc\u015eTER\u0130LER\u0130M\u0130ZE H\u0130ZMET VERMEKTEY\u0130Z\",\"breadcrumb\":{\"@id\":\"https:\\\/\\\/livametal.com\\\/#breadcrumb\"},\"inLanguage\":\"tr\",\"potentialAction\":[{\"@type\":\"ReadAction\",\"target\":[\"https:\\\/\\\/livametal.com\\\/\"]}]},{\"@type\":\"ImageObject\",\"inLanguage\":\"tr\",\"@id\":\"https:\\\/\\\/livametal.com\\\/#primaryimage\",\"url\":\"https:\\\/\\\/livametal.com\\\/wp-content\\\/uploads\\\/2022\\\/06\\\/WhatsApp-Image-2022-06-14-at-10.56.48-4.jpeg\",\"contentUrl\":\"https:\\\/\\\/livametal.com\\\/wp-content\\\/uploads\\\/2022\\\/06\\\/WhatsApp-Image-2022-06-14-at-10.56.48-4.jpeg\",\"width\":2048,\"height\":1536},{\"@type\":\"BreadcrumbList\",\"@id\":\"https:\\\/\\\/livametal.com\\\/#breadcrumb\",\"itemListElement\":[{\"@type\":\"ListItem\",\"position\":1,\"name\":\"Anasayfa\",\"item\":\"https:\\\/\\\/livametal.com\\\/\"},{\"@type\":\"ListItem\",\"position\":2,\"name\":\"ANASAYFA\"}]},{\"@type\":\"WebSite\",\"@id\":\"https:\\\/\\\/livametal.com\\\/#website\",\"url\":\"https:\\\/\\\/livametal.com\\\/\",\"name\":\"METAL\",\"description\":\"\",\"publisher\":{\"@id\":\"https:\\\/\\\/livametal.com\\\/#organization\"},\"potentialAction\":[{\"@type\":\"SearchAction\",\"target\":{\"@type\":\"EntryPoint\",\"urlTemplate\":\"https:\\\/\\\/livametal.com\\\/?s={search_term_string}\"},\"query-input\":{\"@type\":\"PropertyValueSpecification\",\"valueRequired\":true,\"valueName\":\"search_term_string\"}}],\"inLanguage\":\"tr\"},{\"@type\":\"Organization\",\"@id\":\"https:\\\/\\\/livametal.com\\\/#organization\",\"name\":\"L\u0130VA METAL\",\"url\":\"https:\\\/\\\/livametal.com\\\/\",\"logo\":{\"@type\":\"ImageObject\",\"inLanguage\":\"tr\",\"@id\":\"https:\\\/\\\/livametal.com\\\/#\\\/schema\\\/logo\\\/image\\\/\",\"url\":\"https:\\\/\\\/livametal.com\\\/wp-content\\\/uploads\\\/2022\\\/05\\\/LIVA-LOGO.jpg\",\"contentUrl\":\"https:\\\/\\\/livametal.com\\\/wp-content\\\/uploads\\\/2022\\\/05\\\/LIVA-LOGO.jpg\",\"width\":945,\"height\":453,\"caption\":\"L\u0130VA METAL\"},\"image\":{\"@id\":\"https:\\\/\\\/livametal.com\\\/#\\\/schema\\\/logo\\\/image\\\/\"}}]}<\/script>\n<!-- \/ Yoast SEO plugin. -->","yoast_head_json":{"title":"ANASAYFA - METAL","description":"L\u0130VA METAL OLARAK SAMSUN \u0130L\u0130NDE 20.000 M2 ARAZ\u0130 \u00dcZER\u0130NE KURULU 10.000 M2 KAPALI ALANA SAH\u0130P FABR\u0130KAMIZDA AL\u00c7IPAN PROF\u0130LLER\u0130 \u00dcRETEREK S\u0130Z DE\u011eERL\u0130 M\u00dc\u015eTER\u0130LER\u0130M\u0130ZE H\u0130ZMET VERMEKTEY\u0130Z","robots":{"index":"index","follow":"follow","max-snippet":"max-snippet:-1","max-image-preview":"max-image-preview:large","max-video-preview":"max-video-preview:-1"},"canonical":"https:\/\/livametal.com\/","og_locale":"tr_TR","og_type":"article","og_title":"ANASAYFA - METAL","og_description":"L\u0130VA METAL OLARAK SAMSUN \u0130L\u0130NDE 20.000 M2 ARAZ\u0130 \u00dcZER\u0130NE KURULU 10.000 M2 KAPALI ALANA SAH\u0130P FABR\u0130KAMIZDA AL\u00c7IPAN PROF\u0130LLER\u0130 \u00dcRETEREK S\u0130Z DE\u011eERL\u0130 M\u00dc\u015eTER\u0130LER\u0130M\u0130ZE H\u0130ZMET VERMEKTEY\u0130Z","og_url":"https:\/\/livametal.com\/","og_site_name":"METAL","article_modified_time":"2024-12-04T06:00:18+00:00","og_image":[{"width":2048,"height":1536,"url":"https:\/\/livametal.com\/wp-content\/uploads\/2022\/06\/WhatsApp-Image-2022-06-14-at-10.56.48-4.jpeg","type":"image\/jpeg"}],"twitter_card":"summary_large_image","twitter_misc":{"Tahmini okuma s\u00fcresi":"3 dakika"},"schema":{"@context":"https:\/\/schema.org","@graph":[{"@type":"WebPage","@id":"https:\/\/livametal.com\/","url":"https:\/\/livametal.com\/","name":"ANASAYFA - METAL","isPartOf":{"@id":"https:\/\/livametal.com\/#website"},"primaryImageOfPage":{"@id":"https:\/\/livametal.com\/#primaryimage"},"image":{"@id":"https:\/\/livametal.com\/#primaryimage"},"thumbnailUrl":"https:\/\/livametal.com\/wp-content\/uploads\/2022\/06\/WhatsApp-Image-2022-06-14-at-10.56.48-4.jpeg","datePublished":"2020-01-13T11:17:52+00:00","dateModified":"2024-12-04T06:00:18+00:00","description":"L\u0130VA METAL OLARAK SAMSUN \u0130L\u0130NDE 20.000 M2 ARAZ\u0130 \u00dcZER\u0130NE KURULU 10.000 M2 KAPALI ALANA SAH\u0130P FABR\u0130KAMIZDA AL\u00c7IPAN PROF\u0130LLER\u0130 \u00dcRETEREK S\u0130Z DE\u011eERL\u0130 M\u00dc\u015eTER\u0130LER\u0130M\u0130ZE H\u0130ZMET VERMEKTEY\u0130Z","breadcrumb":{"@id":"https:\/\/livametal.com\/#breadcrumb"},"inLanguage":"tr","potentialAction":[{"@type":"ReadAction","target":["https:\/\/livametal.com\/"]}]},{"@type":"ImageObject","inLanguage":"tr","@id":"https:\/\/livametal.com\/#primaryimage","url":"https:\/\/livametal.com\/wp-content\/uploads\/2022\/06\/WhatsApp-Image-2022-06-14-at-10.56.48-4.jpeg","contentUrl":"https:\/\/livametal.com\/wp-content\/uploads\/2022\/06\/WhatsApp-Image-2022-06-14-at-10.56.48-4.jpeg","width":2048,"height":1536},{"@type":"BreadcrumbList","@id":"https:\/\/livametal.com\/#breadcrumb","itemListElement":[{"@type":"ListItem","position":1,"name":"Anasayfa","item":"https:\/\/livametal.com\/"},{"@type":"ListItem","position":2,"name":"ANASAYFA"}]},{"@type":"WebSite","@id":"https:\/\/livametal.com\/#website","url":"https:\/\/livametal.com\/","name":"METAL","description":"","publisher":{"@id":"https:\/\/livametal.com\/#organization"},"potentialAction":[{"@type":"SearchAction","target":{"@type":"EntryPoint","urlTemplate":"https:\/\/livametal.com\/?s={search_term_string}"},"query-input":{"@type":"PropertyValueSpecification","valueRequired":true,"valueName":"search_term_string"}}],"inLanguage":"tr"},{"@type":"Organization","@id":"https:\/\/livametal.com\/#organization","name":"L\u0130VA METAL","url":"https:\/\/livametal.com\/","logo":{"@type":"ImageObject","inLanguage":"tr","@id":"https:\/\/livametal.com\/#\/schema\/logo\/image\/","url":"https:\/\/livametal.com\/wp-content\/uploads\/2022\/05\/LIVA-LOGO.jpg","contentUrl":"https:\/\/livametal.com\/wp-content\/uploads\/2022\/05\/LIVA-LOGO.jpg","width":945,"height":453,"caption":"L\u0130VA METAL"},"image":{"@id":"https:\/\/livametal.com\/#\/schema\/logo\/image\/"}}]}},"_links":{"self":[{"href":"https:\/\/livametal.com\/index.php?rest_route=\/wp\/v2\/pages\/5","targetHints":{"allow":["GET"]}}],"collection":[{"href":"https:\/\/livametal.com\/index.php?rest_route=\/wp\/v2\/pages"}],"about":[{"href":"https:\/\/livametal.com\/index.php?rest_route=\/wp\/v2\/types\/page"}],"author":[{"embeddable":true,"href":"https:\/\/livametal.com\/index.php?rest_route=\/wp\/v2\/users\/1"}],"replies":[{"embeddable":true,"href":"https:\/\/livametal.com\/index.php?rest_route=%2Fwp%2Fv2%2Fcomments&post=5"}],"version-history":[{"count":8,"href":"https:\/\/livametal.com\/index.php?rest_route=\/wp\/v2\/pages\/5\/revisions"}],"predecessor-version":[{"id":522,"href":"https:\/\/livametal.com\/index.php?rest_route=\/wp\/v2\/pages\/5\/revisions\/522"}],"wp:attachment":[{"href":"https:\/\/livametal.com\/index.php?rest_route=%2Fwp%2Fv2%2Fmedia&parent=5"}],"curies":[{"name":"wp","href":"https:\/\/api.w.org\/{rel}","templated":true}]}}