{"id":390,"date":"2022-05-18T15:06:24","date_gmt":"2022-05-18T15:06:24","guid":{"rendered":"https:\/\/livametal.com\/?page_id=390"},"modified":"2022-06-14T11:27:02","modified_gmt":"2022-06-14T08:27:02","slug":"urunler","status":"publish","type":"page","link":"https:\/\/livametal.com\/?page_id=390","title":{"rendered":"\u00dcR\u00dcNLER"},"content":{"rendered":"\n<div class=\"wp-block-cover alignfull is-light has-parallax\" style=\"background-image:url(https:\/\/livametal.com\/wp-content\/uploads\/2022\/06\/WhatsApp-Image-2022-06-14-at-10.56.48-4-2.jpeg);min-height:369px;aspect-ratio:unset;\"><span aria-hidden=\"true\" class=\"wp-block-cover__background has-background-dim-40 has-background-dim\" style=\"background-color:#000000\"><\/span><div class=\"wp-block-cover__inner-container is-layout-flow wp-block-cover-is-layout-flow\">\n<div class=\"wp-block-columns alignwide is-layout-flex wp-container-core-columns-is-layout-9d6595d7 wp-block-columns-is-layout-flex\">\n<div class=\"wp-block-column is-layout-flow wp-block-column-is-layout-flow\" style=\"flex-basis:60%\">\n<div class=\"wp-block-buttons is-layout-flex wp-block-buttons-is-layout-flex\"><\/div>\n<\/div>\n\n\n\n<div class=\"wp-block-column is-layout-flow wp-block-column-is-layout-flow\"><\/div>\n<\/div>\n<\/div><\/div>\n\n\n\n<div class=\"wp-block-columns is-layout-flex wp-container-core-columns-is-layout-9d6595d7 wp-block-columns-is-layout-flex\">\n<div class=\"wp-block-column is-layout-flow wp-block-column-is-layout-flow\">\n<figure class=\"wp-block-image size-full\"><img loading=\"lazy\" decoding=\"async\" width=\"1000\" height=\"1000\" src=\"https:\/\/livametal.com\/wp-content\/uploads\/2022\/05\/tu.jpg\" alt=\"\" class=\"wp-image-404\" srcset=\"https:\/\/livametal.com\/wp-content\/uploads\/2022\/05\/tu.jpg 1000w, https:\/\/livametal.com\/wp-content\/uploads\/2022\/05\/tu-300x300.jpg 300w, https:\/\/livametal.com\/wp-content\/uploads\/2022\/05\/tu-150x150.jpg 150w, https:\/\/livametal.com\/wp-content\/uploads\/2022\/05\/tu-768x768.jpg 768w\" sizes=\"auto, (max-width: 1000px) 100vw, 1000px\" \/><\/figure>\n\n\n\n<h3 class=\"wp-block-heading\">TAVAN U <\/h3>\n\n\n\n<p>Al\u00e7\u0131 levha asma tavan yap\u0131m\u0131nda kurulan metal konstr\u00fcksiyonda ta\u015f\u0131y\u0131c\u0131 Tavan C profil ve sistemi teraziye almak i\u00e7in kullan\u0131lan, s\u0131cak dald\u0131rma galvanizli \u00e7eliklerden, so\u011fuk \u015fekil verme y\u00f6ntemi ile \u00fcretilen tamamlay\u0131c\u0131 elemand\u0131r.<\/p>\n\n\n\n<div class=\"wp-block-buttons is-layout-flex wp-block-buttons-is-layout-flex\"><\/div>\n\n\n\n<div style=\"height:30px\" aria-hidden=\"true\" class=\"wp-block-spacer\"><\/div>\n<\/div>\n\n\n\n<div class=\"wp-block-column is-layout-flow wp-block-column-is-layout-flow\">\n<figure class=\"wp-block-image size-full\"><img loading=\"lazy\" decoding=\"async\" width=\"1000\" height=\"1000\" src=\"https:\/\/livametal.com\/wp-content\/uploads\/2022\/05\/tc.jpg\" alt=\"\" class=\"wp-image-405\" srcset=\"https:\/\/livametal.com\/wp-content\/uploads\/2022\/05\/tc.jpg 1000w, https:\/\/livametal.com\/wp-content\/uploads\/2022\/05\/tc-300x300.jpg 300w, https:\/\/livametal.com\/wp-content\/uploads\/2022\/05\/tc-150x150.jpg 150w, https:\/\/livametal.com\/wp-content\/uploads\/2022\/05\/tc-768x768.jpg 768w\" sizes=\"auto, (max-width: 1000px) 100vw, 1000px\" \/><\/figure>\n\n\n\n<h3 class=\"wp-block-heading\">TAVAN C <\/h3>\n\n\n\n<p>Al\u00e7\u0131 levha asma tavan yap\u0131m\u0131nda kurulan metal konstr\u00fcksiyonda, sistemi ta\u015f\u0131y\u0131c\u0131 \u00f6zellikte kullan\u0131lan, s\u0131cak dald\u0131rma galvanizli \u00e7eliklerden, so\u011fuk \u015fekil verme y\u00f6ntemi ile \u00fcretilen tamamlay\u0131c\u0131 elemand\u0131r.<\/p>\n\n\n\n<div class=\"wp-block-buttons is-layout-flex wp-block-buttons-is-layout-flex\"><\/div>\n\n\n\n<div style=\"height:30px\" aria-hidden=\"true\" class=\"wp-block-spacer\"><\/div>\n<\/div>\n\n\n\n<div class=\"wp-block-column is-layout-flow wp-block-column-is-layout-flow\">\n<figure class=\"wp-block-image size-full\"><img loading=\"lazy\" decoding=\"async\" width=\"720\" height=\"600\" src=\"https:\/\/livametal.com\/wp-content\/uploads\/2022\/05\/tavan-l.jpg\" alt=\"\" class=\"wp-image-406\" srcset=\"https:\/\/livametal.com\/wp-content\/uploads\/2022\/05\/tavan-l.jpg 720w, https:\/\/livametal.com\/wp-content\/uploads\/2022\/05\/tavan-l-300x250.jpg 300w\" sizes=\"auto, (max-width: 720px) 100vw, 720px\" \/><\/figure>\n\n\n\n<h3 class=\"wp-block-heading\">TAVAN L <\/h3>\n\n\n\n<p>D\u0131\u015f cephe uygulamalar\u0131nda levha k\u00f6\u015fe birle\u015fimlerinde darbe dayan\u0131m\u0131n\u0131 art\u0131rmak i\u00e7in kullan\u0131lan, s\u0131cak dald\u0131rma galvanizli \u00e7eliklerden, so\u011fuk \u015fekil verme y\u00f6ntemi ile \u00fcretilen tamamlay\u0131c\u0131 elemand\u0131r.<\/p>\n\n\n\n<div class=\"wp-block-buttons is-layout-flex wp-block-buttons-is-layout-flex\"><\/div>\n\n\n\n<div style=\"height:30px\" aria-hidden=\"true\" class=\"wp-block-spacer\"><\/div>\n<\/div>\n<\/div>\n\n\n\n<div class=\"wp-block-columns is-layout-flex wp-container-core-columns-is-layout-9d6595d7 wp-block-columns-is-layout-flex\">\n<div class=\"wp-block-column is-layout-flow wp-block-column-is-layout-flow\">\n<figure class=\"wp-block-image size-full\"><img loading=\"lazy\" decoding=\"async\" width=\"1000\" height=\"1000\" src=\"https:\/\/livametal.com\/wp-content\/uploads\/2022\/05\/50-u.jpg\" alt=\"\" class=\"wp-image-407\" srcset=\"https:\/\/livametal.com\/wp-content\/uploads\/2022\/05\/50-u.jpg 1000w, https:\/\/livametal.com\/wp-content\/uploads\/2022\/05\/50-u-300x300.jpg 300w, https:\/\/livametal.com\/wp-content\/uploads\/2022\/05\/50-u-150x150.jpg 150w, https:\/\/livametal.com\/wp-content\/uploads\/2022\/05\/50-u-768x768.jpg 768w\" sizes=\"auto, (max-width: 1000px) 100vw, 1000px\" \/><\/figure>\n\n\n\n<h3 class=\"wp-block-heading\">DUVAR U 50<\/h3>\n\n\n\n<p>B\u00f6lme duvar, giydirme duvar, asma tavan ve d\u0131\u015f cephe uygulamalar\u0131n\u0131n yap\u0131m\u0131nda kurulan metal konstr\u00fcksiyonda duvar c profillerine k\u0131lavuz olmak ve teraziye al\u0131nmas\u0131n\u0131 sa\u011flamak i\u00e7in kullan\u0131lan, s\u0131cak dald\u0131rma galvanizli \u00e7eliklerden, so\u011fuk \u015fekil verme y\u00f6ntemi ile \u00fcretilen tamamlay\u0131c\u0131 elemand\u0131r.<\/p>\n\n\n\n<div class=\"wp-block-buttons is-layout-flex wp-block-buttons-is-layout-flex\"><\/div>\n\n\n\n<div style=\"height:30px\" aria-hidden=\"true\" class=\"wp-block-spacer\"><\/div>\n<\/div>\n\n\n\n<div class=\"wp-block-column is-layout-flow wp-block-column-is-layout-flow\">\n<figure class=\"wp-block-image size-full\"><img loading=\"lazy\" decoding=\"async\" width=\"1000\" height=\"1000\" src=\"https:\/\/livametal.com\/wp-content\/uploads\/2022\/05\/50-c.jpg\" alt=\"\" class=\"wp-image-408\" srcset=\"https:\/\/livametal.com\/wp-content\/uploads\/2022\/05\/50-c.jpg 1000w, https:\/\/livametal.com\/wp-content\/uploads\/2022\/05\/50-c-300x300.jpg 300w, https:\/\/livametal.com\/wp-content\/uploads\/2022\/05\/50-c-150x150.jpg 150w, https:\/\/livametal.com\/wp-content\/uploads\/2022\/05\/50-c-768x768.jpg 768w\" sizes=\"auto, (max-width: 1000px) 100vw, 1000px\" \/><\/figure>\n\n\n\n<h3 class=\"wp-block-heading\">DUVAR C 50<\/h3>\n\n\n\n<p>B\u00f6lme duvar, giydirme duvar, asma tavan ve d\u0131\u015f cephe uygulamalar\u0131n\u0131n yap\u0131m\u0131nda kurulan metal konstr\u00fcksiyonda kullan\u0131lan, s\u0131cak dald\u0131rma galvanizli \u00e7eliklerden, so\u011fuk \u015fekil verme y\u00f6ntemi ile \u00fcretilen ta\u015f\u0131y\u0131c\u0131 elemand\u0131r.<\/p>\n\n\n\n<div class=\"wp-block-buttons is-layout-flex wp-block-buttons-is-layout-flex\"><\/div>\n\n\n\n<div style=\"height:30px\" aria-hidden=\"true\" class=\"wp-block-spacer\"><\/div>\n<\/div>\n\n\n\n<div class=\"wp-block-column is-layout-flow wp-block-column-is-layout-flow\">\n<figure class=\"wp-block-image size-full\"><img loading=\"lazy\" decoding=\"async\" width=\"720\" height=\"600\" src=\"https:\/\/livametal.com\/wp-content\/uploads\/2022\/05\/kenar-l.jpg\" alt=\"\" class=\"wp-image-409\" srcset=\"https:\/\/livametal.com\/wp-content\/uploads\/2022\/05\/kenar-l.jpg 720w, https:\/\/livametal.com\/wp-content\/uploads\/2022\/05\/kenar-l-300x250.jpg 300w\" sizes=\"auto, (max-width: 720px) 100vw, 720px\" \/><\/figure>\n\n\n\n<h3 class=\"wp-block-heading\">BOYALI KENAR L<\/h3>\n\n\n\n<p>Al\u00e7\u0131 levha asma tavan yap\u0131m\u0131nda kurulan metal konstr\u00fcksiyonda ta\u015f\u0131y\u0131c\u0131 sistem bile\u015fenlerini ve kaplama bile\u015fenlerini mesnetlemek, sabitlemek ve kaplama bile\u015feninin kendini ta\u015f\u0131mas\u0131n\u0131 sa\u011flamak i\u00e7in kullan\u0131lan, s\u0131cak dald\u0131rma galvanizli boyal\u0131 \u00e7eliklerden, so\u011fuk \u015fekil verme y\u00f6ntemi ile \u00fcretilen tamamlay\u0131c\u0131 elemand\u0131r.<\/p>\n\n\n\n<div class=\"wp-block-buttons is-layout-flex wp-block-buttons-is-layout-flex\"><\/div>\n\n\n\n<div style=\"height:30px\" aria-hidden=\"true\" class=\"wp-block-spacer\"><\/div>\n<\/div>\n<\/div>\n\n\n\n<div class=\"wp-block-columns is-layout-flex wp-container-core-columns-is-layout-9d6595d7 wp-block-columns-is-layout-flex\">\n<div class=\"wp-block-column is-layout-flow wp-block-column-is-layout-flow\">\n<figure class=\"wp-block-image size-full\"><img loading=\"lazy\" decoding=\"async\" width=\"1000\" height=\"1000\" src=\"https:\/\/livametal.com\/wp-content\/uploads\/2022\/05\/75-u.jpg\" alt=\"\" class=\"wp-image-411\" srcset=\"https:\/\/livametal.com\/wp-content\/uploads\/2022\/05\/75-u.jpg 1000w, https:\/\/livametal.com\/wp-content\/uploads\/2022\/05\/75-u-300x300.jpg 300w, https:\/\/livametal.com\/wp-content\/uploads\/2022\/05\/75-u-150x150.jpg 150w, https:\/\/livametal.com\/wp-content\/uploads\/2022\/05\/75-u-768x768.jpg 768w\" sizes=\"auto, (max-width: 1000px) 100vw, 1000px\" \/><\/figure>\n\n\n\n<h3 class=\"wp-block-heading\">DUVAR U 75<\/h3>\n\n\n\n<p>B\u00f6lme duvar, giydirme duvar, asma tavan ve d\u0131\u015f cephe uygulamalar\u0131n\u0131n yap\u0131m\u0131nda kurulan metal konstr\u00fcksiyonda duvar c profillerine k\u0131lavuz olmak ve teraziye al\u0131nmas\u0131n\u0131 sa\u011flamak i\u00e7in kullan\u0131lan, s\u0131cak dald\u0131rma galvanizli \u00e7eliklerden, so\u011fuk \u015fekil verme y\u00f6ntemi ile \u00fcretilen tamamlay\u0131c\u0131 elemand\u0131r.<\/p>\n\n\n\n<div class=\"wp-block-buttons is-layout-flex wp-block-buttons-is-layout-flex\"><\/div>\n\n\n\n<div style=\"height:30px\" aria-hidden=\"true\" class=\"wp-block-spacer\"><\/div>\n<\/div>\n\n\n\n<div class=\"wp-block-column is-layout-flow wp-block-column-is-layout-flow\">\n<figure class=\"wp-block-image size-full\"><img loading=\"lazy\" decoding=\"async\" width=\"600\" height=\"315\" src=\"https:\/\/livametal.com\/wp-content\/uploads\/2022\/05\/75-c.jpg\" alt=\"\" class=\"wp-image-412\" srcset=\"https:\/\/livametal.com\/wp-content\/uploads\/2022\/05\/75-c.jpg 600w, https:\/\/livametal.com\/wp-content\/uploads\/2022\/05\/75-c-300x158.jpg 300w\" sizes=\"auto, (max-width: 600px) 100vw, 600px\" \/><\/figure>\n\n\n\n<h3 class=\"wp-block-heading\">DUVAR C 75<\/h3>\n\n\n\n<p>B\u00f6lme duvar, giydirme duvar, asma tavan ve d\u0131\u015f cephe uygulamalar\u0131n\u0131n yap\u0131m\u0131nda kurulan metal konstr\u00fcksiyonda kullan\u0131lan, s\u0131cak dald\u0131rma galvanizli \u00e7eliklerden, so\u011fuk \u015fekil verme y\u00f6ntemi ile \u00fcretilen ta\u015f\u0131y\u0131c\u0131 elemand\u0131r.<\/p>\n\n\n\n<div class=\"wp-block-buttons is-layout-flex wp-block-buttons-is-layout-flex\"><\/div>\n\n\n\n<div style=\"height:30px\" aria-hidden=\"true\" class=\"wp-block-spacer\"><\/div>\n<\/div>\n\n\n\n<div class=\"wp-block-column is-layout-flow wp-block-column-is-layout-flow\">\n<figure class=\"wp-block-image size-full\"><img loading=\"lazy\" decoding=\"async\" width=\"800\" height=\"800\" src=\"https:\/\/livametal.com\/wp-content\/uploads\/2022\/05\/alci-kose.jpg\" alt=\"\" class=\"wp-image-413\" srcset=\"https:\/\/livametal.com\/wp-content\/uploads\/2022\/05\/alci-kose.jpg 800w, https:\/\/livametal.com\/wp-content\/uploads\/2022\/05\/alci-kose-300x300.jpg 300w, https:\/\/livametal.com\/wp-content\/uploads\/2022\/05\/alci-kose-150x150.jpg 150w, https:\/\/livametal.com\/wp-content\/uploads\/2022\/05\/alci-kose-768x768.jpg 768w\" sizes=\"auto, (max-width: 800px) 100vw, 800px\" \/><\/figure>\n\n\n\n<h3 class=\"wp-block-heading\">AL\u00c7I K\u00d6\u015eE<\/h3>\n\n\n\n<p>Al\u00e7\u0131 s\u0131va uygulamalar\u0131nda b\u00f6lme duvar ve asma tavan sistemlerinin k\u00f6\u015felerinde darbe dayan\u0131m\u0131n\u0131 art\u0131rmak ve d\u00fczg\u00fcn bir form olu\u015fturmak amac\u0131yla kullan\u0131lan tamamlay\u0131c\u0131 elemand\u0131r.<\/p>\n\n\n\n<div class=\"wp-block-buttons is-layout-flex wp-block-buttons-is-layout-flex\"><\/div>\n\n\n\n<div style=\"height:30px\" aria-hidden=\"true\" class=\"wp-block-spacer\"><\/div>\n<\/div>\n<\/div>\n\n\n\n<div class=\"wp-block-columns is-layout-flex wp-container-core-columns-is-layout-9d6595d7 wp-block-columns-is-layout-flex\">\n<div class=\"wp-block-column is-layout-flow wp-block-column-is-layout-flow\">\n<figure class=\"wp-block-image size-full\"><img loading=\"lazy\" decoding=\"async\" width=\"1000\" height=\"1000\" src=\"https:\/\/livametal.com\/wp-content\/uploads\/2022\/05\/75-u-1.jpg\" alt=\"\" class=\"wp-image-414\" srcset=\"https:\/\/livametal.com\/wp-content\/uploads\/2022\/05\/75-u-1.jpg 1000w, https:\/\/livametal.com\/wp-content\/uploads\/2022\/05\/75-u-1-300x300.jpg 300w, https:\/\/livametal.com\/wp-content\/uploads\/2022\/05\/75-u-1-150x150.jpg 150w, https:\/\/livametal.com\/wp-content\/uploads\/2022\/05\/75-u-1-768x768.jpg 768w\" sizes=\"auto, (max-width: 1000px) 100vw, 1000px\" \/><\/figure>\n\n\n\n<h3 class=\"wp-block-heading\">DUVAR U 100<\/h3>\n\n\n\n<p>B\u00f6lme duvar, giydirme duvar, asma tavan ve d\u0131\u015f cephe uygulamalar\u0131n\u0131n yap\u0131m\u0131nda kurulan metal konstr\u00fcksiyonda duvar c profillerine k\u0131lavuz olmak ve teraziye al\u0131nmas\u0131n\u0131 sa\u011flamak i\u00e7in kullan\u0131lan, s\u0131cak dald\u0131rma galvanizli \u00e7eliklerden, so\u011fuk \u015fekil verme y\u00f6ntemi ile \u00fcretilen tamamlay\u0131c\u0131 elemand\u0131r.<\/p>\n\n\n\n<div class=\"wp-block-buttons is-layout-flex wp-block-buttons-is-layout-flex\"><\/div>\n\n\n\n<div style=\"height:30px\" aria-hidden=\"true\" class=\"wp-block-spacer\"><\/div>\n<\/div>\n\n\n\n<div class=\"wp-block-column is-layout-flow wp-block-column-is-layout-flow\">\n<figure class=\"wp-block-image size-full\"><img loading=\"lazy\" decoding=\"async\" width=\"600\" height=\"315\" src=\"https:\/\/livametal.com\/wp-content\/uploads\/2022\/05\/75-c-1.jpg\" alt=\"\" class=\"wp-image-416\" srcset=\"https:\/\/livametal.com\/wp-content\/uploads\/2022\/05\/75-c-1.jpg 600w, https:\/\/livametal.com\/wp-content\/uploads\/2022\/05\/75-c-1-300x158.jpg 300w\" sizes=\"auto, (max-width: 600px) 100vw, 600px\" \/><\/figure>\n\n\n\n<h3 class=\"wp-block-heading\">DUVAR C 100<\/h3>\n\n\n\n<p>B\u00f6lme duvar, giydirme duvar, asma tavan ve d\u0131\u015f cephe uygulamalar\u0131n\u0131n yap\u0131m\u0131nda kurulan metal konstr\u00fcksiyonda kullan\u0131lan, s\u0131cak dald\u0131rma galvanizli \u00e7eliklerden, so\u011fuk \u015fekil verme y\u00f6ntemi ile \u00fcretilen ta\u015f\u0131y\u0131c\u0131 elemand\u0131r.<\/p>\n\n\n\n<div class=\"wp-block-buttons is-layout-flex wp-block-buttons-is-layout-flex\"><\/div>\n\n\n\n<div style=\"height:30px\" aria-hidden=\"true\" class=\"wp-block-spacer\"><\/div>\n<\/div>\n\n\n\n<div class=\"wp-block-column is-layout-flow wp-block-column-is-layout-flow\">\n<figure class=\"wp-block-image size-full\"><img loading=\"lazy\" decoding=\"async\" width=\"500\" height=\"300\" src=\"https:\/\/livametal.com\/wp-content\/uploads\/2022\/05\/kaba-siva.jpg\" alt=\"\" class=\"wp-image-417\" srcset=\"https:\/\/livametal.com\/wp-content\/uploads\/2022\/05\/kaba-siva.jpg 500w, https:\/\/livametal.com\/wp-content\/uploads\/2022\/05\/kaba-siva-300x180.jpg 300w\" sizes=\"auto, (max-width: 500px) 100vw, 500px\" \/><\/figure>\n\n\n\n<h3 class=\"wp-block-heading\">KABA SIVA<\/h3>\n\n\n\n<p>Tu\u011fla, beton, gazbeton, bimsblok vb. \u00fczerine yap\u0131lan al\u00e7\u0131, s\u0131va uygulamalar\u0131nda k\u00f6\u015felerin darbe dayan\u0131m\u0131n\u0131 art\u0131rmak ve d\u00fczg\u00fcn bir form olu\u015fturmak amac\u0131yla kullan\u0131lan tamamlay\u0131c\u0131 elemand\u0131r.<\/p>\n\n\n\n<div class=\"wp-block-buttons is-layout-flex wp-block-buttons-is-layout-flex\"><\/div>\n\n\n\n<div style=\"height:30px\" aria-hidden=\"true\" class=\"wp-block-spacer\"><\/div>\n<\/div>\n<\/div>\n","protected":false},"excerpt":{"rendered":"<p>TAVAN U Al\u00e7\u0131 levha asma tavan yap\u0131m\u0131nda kurulan metal konstr\u00fcksiyonda ta\u015f\u0131y\u0131c\u0131 Tavan C profil ve sistemi teraziye almak i\u00e7in kullan\u0131lan, s\u0131cak dald\u0131rma galvanizli \u00e7eliklerden, so\u011fuk \u015fekil verme y\u00f6ntemi ile \u00fcretilen tamamlay\u0131c\u0131 elemand\u0131r. TAVAN C Al\u00e7\u0131 levha asma tavan yap\u0131m\u0131nda kurulan metal konstr\u00fcksiyonda, sistemi ta\u015f\u0131y\u0131c\u0131 \u00f6zellikte kullan\u0131lan, s\u0131cak dald\u0131rma galvanizli \u00e7eliklerden, so\u011fuk \u015fekil verme y\u00f6ntemi ile&hellip;&nbsp;<a href=\"https:\/\/livametal.com\/?page_id=390\" rel=\"bookmark\">Daha fazlas\u0131n\u0131 oku &raquo;<span class=\"screen-reader-text\">\u00dcR\u00dcNLER<\/span><\/a><\/p>\n","protected":false},"author":1,"featured_media":0,"parent":0,"menu_order":0,"comment_status":"closed","ping_status":"closed","template":"","meta":{"neve_meta_sidebar":"","neve_meta_container":"","neve_meta_enable_content_width":"","neve_meta_content_width":0,"neve_meta_title_alignment":"","neve_meta_author_avatar":"","neve_post_elements_order":"","neve_meta_disable_header":"","neve_meta_disable_footer":"","neve_meta_disable_title":"on","footnotes":""},"class_list":["post-390","page","type-page","status-publish","hentry"],"yoast_head":"<!-- This site is optimized with the Yoast SEO plugin v27.4 - https:\/\/yoast.com\/product\/yoast-seo-wordpress\/ -->\n<title>\u00dcR\u00dcNLER - METAL<\/title>\n<meta name=\"description\" content=\"L\u0130VA METAL OLARAK TAVAN U TAVAN C 50 L\u0130K DUVAR 75 L\u0130K DUVAR 100 L\u00dcK DUVAR GRUPLARI AL\u00c7I K\u00d6\u015eE KABA SIVA PROF\u0130LLER\u0130 VE \u00d6ZEL \u00dcR\u00dcN \u00dcRET\u0130M\u0130 YAPMAKTAYIZ\" \/>\n<meta name=\"robots\" content=\"index, follow, max-snippet:-1, max-image-preview:large, max-video-preview:-1\" \/>\n<link rel=\"canonical\" href=\"https:\/\/livametal.com\/?page_id=390\" \/>\n<meta property=\"og:locale\" content=\"tr_TR\" \/>\n<meta property=\"og:type\" content=\"article\" \/>\n<meta property=\"og:title\" content=\"\u00dcR\u00dcNLER - METAL\" \/>\n<meta property=\"og:description\" content=\"L\u0130VA METAL OLARAK TAVAN U TAVAN C 50 L\u0130K DUVAR 75 L\u0130K DUVAR 100 L\u00dcK DUVAR GRUPLARI AL\u00c7I K\u00d6\u015eE KABA SIVA PROF\u0130LLER\u0130 VE \u00d6ZEL \u00dcR\u00dcN \u00dcRET\u0130M\u0130 YAPMAKTAYIZ\" \/>\n<meta property=\"og:url\" content=\"https:\/\/livametal.com\/?page_id=390\" \/>\n<meta property=\"og:site_name\" content=\"METAL\" \/>\n<meta property=\"article:modified_time\" content=\"2022-06-14T08:27:02+00:00\" \/>\n<meta property=\"og:image\" content=\"https:\/\/livametal.com\/wp-content\/uploads\/2022\/05\/tu.jpg\" \/>\n<meta name=\"twitter:card\" content=\"summary_large_image\" \/>\n<meta name=\"twitter:label1\" content=\"Tahmini okuma s\u00fcresi\" \/>\n\t<meta name=\"twitter:data1\" content=\"5 dakika\" \/>\n<script type=\"application\/ld+json\" class=\"yoast-schema-graph\">{\"@context\":\"https:\\\/\\\/schema.org\",\"@graph\":[{\"@type\":\"WebPage\",\"@id\":\"https:\\\/\\\/livametal.com\\\/?page_id=390\",\"url\":\"https:\\\/\\\/livametal.com\\\/?page_id=390\",\"name\":\"\u00dcR\u00dcNLER - METAL\",\"isPartOf\":{\"@id\":\"https:\\\/\\\/livametal.com\\\/#website\"},\"primaryImageOfPage\":{\"@id\":\"https:\\\/\\\/livametal.com\\\/?page_id=390#primaryimage\"},\"image\":{\"@id\":\"https:\\\/\\\/livametal.com\\\/?page_id=390#primaryimage\"},\"thumbnailUrl\":\"https:\\\/\\\/livametal.com\\\/wp-content\\\/uploads\\\/2022\\\/05\\\/tu.jpg\",\"datePublished\":\"2022-05-18T15:06:24+00:00\",\"dateModified\":\"2022-06-14T08:27:02+00:00\",\"description\":\"L\u0130VA METAL OLARAK TAVAN U TAVAN C 50 L\u0130K DUVAR 75 L\u0130K DUVAR 100 L\u00dcK DUVAR GRUPLARI AL\u00c7I K\u00d6\u015eE KABA SIVA PROF\u0130LLER\u0130 VE \u00d6ZEL \u00dcR\u00dcN \u00dcRET\u0130M\u0130 YAPMAKTAYIZ\",\"breadcrumb\":{\"@id\":\"https:\\\/\\\/livametal.com\\\/?page_id=390#breadcrumb\"},\"inLanguage\":\"tr\",\"potentialAction\":[{\"@type\":\"ReadAction\",\"target\":[\"https:\\\/\\\/livametal.com\\\/?page_id=390\"]}]},{\"@type\":\"ImageObject\",\"inLanguage\":\"tr\",\"@id\":\"https:\\\/\\\/livametal.com\\\/?page_id=390#primaryimage\",\"url\":\"https:\\\/\\\/livametal.com\\\/wp-content\\\/uploads\\\/2022\\\/05\\\/tu.jpg\",\"contentUrl\":\"https:\\\/\\\/livametal.com\\\/wp-content\\\/uploads\\\/2022\\\/05\\\/tu.jpg\",\"width\":1000,\"height\":1000},{\"@type\":\"BreadcrumbList\",\"@id\":\"https:\\\/\\\/livametal.com\\\/?page_id=390#breadcrumb\",\"itemListElement\":[{\"@type\":\"ListItem\",\"position\":1,\"name\":\"Anasayfa\",\"item\":\"https:\\\/\\\/livametal.com\\\/\"},{\"@type\":\"ListItem\",\"position\":2,\"name\":\"\u00dcR\u00dcNLER\"}]},{\"@type\":\"WebSite\",\"@id\":\"https:\\\/\\\/livametal.com\\\/#website\",\"url\":\"https:\\\/\\\/livametal.com\\\/\",\"name\":\"METAL\",\"description\":\"\",\"publisher\":{\"@id\":\"https:\\\/\\\/livametal.com\\\/#organization\"},\"potentialAction\":[{\"@type\":\"SearchAction\",\"target\":{\"@type\":\"EntryPoint\",\"urlTemplate\":\"https:\\\/\\\/livametal.com\\\/?s={search_term_string}\"},\"query-input\":{\"@type\":\"PropertyValueSpecification\",\"valueRequired\":true,\"valueName\":\"search_term_string\"}}],\"inLanguage\":\"tr\"},{\"@type\":\"Organization\",\"@id\":\"https:\\\/\\\/livametal.com\\\/#organization\",\"name\":\"L\u0130VA METAL\",\"url\":\"https:\\\/\\\/livametal.com\\\/\",\"logo\":{\"@type\":\"ImageObject\",\"inLanguage\":\"tr\",\"@id\":\"https:\\\/\\\/livametal.com\\\/#\\\/schema\\\/logo\\\/image\\\/\",\"url\":\"https:\\\/\\\/livametal.com\\\/wp-content\\\/uploads\\\/2022\\\/05\\\/LIVA-LOGO.jpg\",\"contentUrl\":\"https:\\\/\\\/livametal.com\\\/wp-content\\\/uploads\\\/2022\\\/05\\\/LIVA-LOGO.jpg\",\"width\":945,\"height\":453,\"caption\":\"L\u0130VA METAL\"},\"image\":{\"@id\":\"https:\\\/\\\/livametal.com\\\/#\\\/schema\\\/logo\\\/image\\\/\"}}]}<\/script>\n<!-- \/ Yoast SEO plugin. -->","yoast_head_json":{"title":"\u00dcR\u00dcNLER - METAL","description":"L\u0130VA METAL OLARAK TAVAN U TAVAN C 50 L\u0130K DUVAR 75 L\u0130K DUVAR 100 L\u00dcK DUVAR GRUPLARI AL\u00c7I K\u00d6\u015eE KABA SIVA PROF\u0130LLER\u0130 VE \u00d6ZEL \u00dcR\u00dcN \u00dcRET\u0130M\u0130 YAPMAKTAYIZ","robots":{"index":"index","follow":"follow","max-snippet":"max-snippet:-1","max-image-preview":"max-image-preview:large","max-video-preview":"max-video-preview:-1"},"canonical":"https:\/\/livametal.com\/?page_id=390","og_locale":"tr_TR","og_type":"article","og_title":"\u00dcR\u00dcNLER - METAL","og_description":"L\u0130VA METAL OLARAK TAVAN U TAVAN C 50 L\u0130K DUVAR 75 L\u0130K DUVAR 100 L\u00dcK DUVAR GRUPLARI AL\u00c7I K\u00d6\u015eE KABA SIVA PROF\u0130LLER\u0130 VE \u00d6ZEL \u00dcR\u00dcN \u00dcRET\u0130M\u0130 YAPMAKTAYIZ","og_url":"https:\/\/livametal.com\/?page_id=390","og_site_name":"METAL","article_modified_time":"2022-06-14T08:27:02+00:00","og_image":[{"url":"https:\/\/livametal.com\/wp-content\/uploads\/2022\/05\/tu.jpg","type":"","width":"","height":""}],"twitter_card":"summary_large_image","twitter_misc":{"Tahmini okuma s\u00fcresi":"5 dakika"},"schema":{"@context":"https:\/\/schema.org","@graph":[{"@type":"WebPage","@id":"https:\/\/livametal.com\/?page_id=390","url":"https:\/\/livametal.com\/?page_id=390","name":"\u00dcR\u00dcNLER - METAL","isPartOf":{"@id":"https:\/\/livametal.com\/#website"},"primaryImageOfPage":{"@id":"https:\/\/livametal.com\/?page_id=390#primaryimage"},"image":{"@id":"https:\/\/livametal.com\/?page_id=390#primaryimage"},"thumbnailUrl":"https:\/\/livametal.com\/wp-content\/uploads\/2022\/05\/tu.jpg","datePublished":"2022-05-18T15:06:24+00:00","dateModified":"2022-06-14T08:27:02+00:00","description":"L\u0130VA METAL OLARAK TAVAN U TAVAN C 50 L\u0130K DUVAR 75 L\u0130K DUVAR 100 L\u00dcK DUVAR GRUPLARI AL\u00c7I K\u00d6\u015eE KABA SIVA PROF\u0130LLER\u0130 VE \u00d6ZEL \u00dcR\u00dcN \u00dcRET\u0130M\u0130 YAPMAKTAYIZ","breadcrumb":{"@id":"https:\/\/livametal.com\/?page_id=390#breadcrumb"},"inLanguage":"tr","potentialAction":[{"@type":"ReadAction","target":["https:\/\/livametal.com\/?page_id=390"]}]},{"@type":"ImageObject","inLanguage":"tr","@id":"https:\/\/livametal.com\/?page_id=390#primaryimage","url":"https:\/\/livametal.com\/wp-content\/uploads\/2022\/05\/tu.jpg","contentUrl":"https:\/\/livametal.com\/wp-content\/uploads\/2022\/05\/tu.jpg","width":1000,"height":1000},{"@type":"BreadcrumbList","@id":"https:\/\/livametal.com\/?page_id=390#breadcrumb","itemListElement":[{"@type":"ListItem","position":1,"name":"Anasayfa","item":"https:\/\/livametal.com\/"},{"@type":"ListItem","position":2,"name":"\u00dcR\u00dcNLER"}]},{"@type":"WebSite","@id":"https:\/\/livametal.com\/#website","url":"https:\/\/livametal.com\/","name":"METAL","description":"","publisher":{"@id":"https:\/\/livametal.com\/#organization"},"potentialAction":[{"@type":"SearchAction","target":{"@type":"EntryPoint","urlTemplate":"https:\/\/livametal.com\/?s={search_term_string}"},"query-input":{"@type":"PropertyValueSpecification","valueRequired":true,"valueName":"search_term_string"}}],"inLanguage":"tr"},{"@type":"Organization","@id":"https:\/\/livametal.com\/#organization","name":"L\u0130VA METAL","url":"https:\/\/livametal.com\/","logo":{"@type":"ImageObject","inLanguage":"tr","@id":"https:\/\/livametal.com\/#\/schema\/logo\/image\/","url":"https:\/\/livametal.com\/wp-content\/uploads\/2022\/05\/LIVA-LOGO.jpg","contentUrl":"https:\/\/livametal.com\/wp-content\/uploads\/2022\/05\/LIVA-LOGO.jpg","width":945,"height":453,"caption":"L\u0130VA METAL"},"image":{"@id":"https:\/\/livametal.com\/#\/schema\/logo\/image\/"}}]}},"_links":{"self":[{"href":"https:\/\/livametal.com\/index.php?rest_route=\/wp\/v2\/pages\/390","targetHints":{"allow":["GET"]}}],"collection":[{"href":"https:\/\/livametal.com\/index.php?rest_route=\/wp\/v2\/pages"}],"about":[{"href":"https:\/\/livametal.com\/index.php?rest_route=\/wp\/v2\/types\/page"}],"author":[{"embeddable":true,"href":"https:\/\/livametal.com\/index.php?rest_route=\/wp\/v2\/users\/1"}],"replies":[{"embeddable":true,"href":"https:\/\/livametal.com\/index.php?rest_route=%2Fwp%2Fv2%2Fcomments&post=390"}],"version-history":[{"count":11,"href":"https:\/\/livametal.com\/index.php?rest_route=\/wp\/v2\/pages\/390\/revisions"}],"predecessor-version":[{"id":502,"href":"https:\/\/livametal.com\/index.php?rest_route=\/wp\/v2\/pages\/390\/revisions\/502"}],"wp:attachment":[{"href":"https:\/\/livametal.com\/index.php?rest_route=%2Fwp%2Fv2%2Fmedia&parent=390"}],"curies":[{"name":"wp","href":"https:\/\/api.w.org\/{rel}","templated":true}]}}